{"id":11,"date":"2019-10-17T20:41:31","date_gmt":"2019-10-17T20:41:31","guid":{"rendered":"http:\/\/chorgemeinschaft-holtorf.seitenweberei.de\/?page_id=11"},"modified":"2025-01-13T22:01:18","modified_gmt":"2025-01-13T22:01:18","slug":"wir-ueber-uns","status":"publish","type":"page","link":"http:\/\/chorgemeinschaft-holtorf.seitenweberei.de\/?page_id=11","title":{"rendered":"Wir \u00fcber uns"},"content":{"rendered":"\n<p>Der Chorgesang hat in Bonn-Holtorf eine lange Tradition: Im Jahr 1880 wurde hier der M\u00e4nnergesangverein &#8222;St. Antonius&#8220; (nach dem Schutzpatron des Ortes) gegr\u00fcndet und sorgte f\u00fcr die musikalische Unterhaltung bei Festen und geselligen Veranstaltungen im Ort. Er schloss sich 1919 mit dem ebenfalls ortsans\u00e4ssigen MGV S\u00e4ngerbund zum MGV Eintracht zu Niederholtorf-Beuel von 1892 zusammen.<\/p>\n\n\n\n<p>Die &#8222;Chorgemeinschaft St. Antonius 1880 e.V.&#8220; entstand schlie\u00dflich 1978 aus dem Zusammenschluss von MGV Eintracht und dem 1921 gegr\u00fcndeten Kirchenchor C\u00e4cilia. Sie nutzt den Pfarrsaal von St. Antonius als Proberaum. Von Anfang an geh\u00f6rte geistliche und weltliche Musik zum Repertoire. So wuchs die Chorgemeinschaft zu einem Chor zusammen, in dem Alt und Jung sowohl intensive Probenarbeit als auch gesellige Stunden miteinander erlebten. Diese Tradition wird bis heute fortgesetzt.<\/p>\n\n\n\n<p>Heute geh\u00f6ren zu unserer Chorgemeinschaft 40 aktive M\u00e4nner und Frauen sowie 40 inaktive Mitglieder. Wir leben bei jeder Probe die Gemeinschaft und die Freude am Erarbeiten von vierstimmiger Chormusik der unterschiedlichsten Epochen. Egal ob im Sopran, Alt, Tenor oder Bass &#8211; hier findet unter der professionellen Anleitung unseres Chorleiters Andrey Telegin jede Stimme ihren Platz, und jeder S\u00e4nger und jede S\u00e4ngerin tr\u00e4gt dazu bei, dass ein harmonisches Klangbild entsteht. Dabei geht es bei aller Ernsthaftigkeit immer auch sehr fr\u00f6hlich zu, sodass man gest\u00e4rkt und gut gestimmt nach Hause geht.<\/p>\n\n\n\n<p>Singen verbindet uns, und so geh\u00f6rt nach der Probe auch der nette Ausklang bei einem Getr\u00e4nk dazu. Feiern und Tagesausfl\u00fcge vertiefen die Kontakte untereinander und lassen sch\u00f6ne Erlebnisse und manche neuen Freundschaften entstehen.<\/p>\n\n\n\n<p>H\u00f6hepunkte des Chorjahres sind unsere Auff\u00fchrungen und Konzerte in Bonn und Umgebung. Dabei wechseln sich geistliche und weltliche Musik ab. Wir freuen uns, wenn es uns gelingt, unser Publikum zu ber\u00fchren und der Funke \u00fcberspringt.<\/p>\n\n\n\n<p>Gerne gestalten wir au\u00dferdem katholische, evangelische und \u00f6kumenische Gottesdienste.<\/p>\n\n\n\n<p>Auch im Dorf- und Gemeindeleben sind wir aktiv, z. B. beim Patronatsfest des heiligen Antonius im Januar, beim Karnevalsumzug in Niederholtorf, beim Mai-Ansingen mit der Grundschule Om Berg, beim Pfarrfest oder bei Senioren-Veranstaltungen.<\/p>\n\n\n\n<p>Die Chorgemeinschaft ist ein gemeinn\u00fctziger Verein. Sie finanziert sich durch die Jahresbeitr\u00e4ge der Mitglieder und durch Spenden.<\/p>\n\n\n\n<p><strong>Chorprobe:<\/strong><\/p>\n\n\n\n<p>Montags von 19.30 Uhr bis 21.30 Uhr<\/p>\n\n\n\n<p>im Pfarrheim St. Antonius in 53229 Bonn-Holtorf, Burghofstr. 2<\/p>\n\n\n\n<p>Neue S\u00e4ngerinnen und S\u00e4nger sind jederzeit herzlich willkommen!<\/p>\n\n\n\n<p><strong>Der Vorstand der Chorgemeinschaft<\/strong><\/p>\n\n\n\n<div class=\"wp-block-columns is-layout-flex wp-container-core-columns-is-layout-9d6595d7 wp-block-columns-is-layout-flex\">\n<div class=\"wp-block-column is-layout-flow wp-block-column-is-layout-flow\" style=\"flex-basis:100%\"><\/div>\n<\/div>\n\n\n\n<div class=\"wp-block-columns is-layout-flex wp-container-core-columns-is-layout-9d6595d7 wp-block-columns-is-layout-flex\">\n<div class=\"wp-block-column is-layout-flow wp-block-column-is-layout-flow\">\n<p>Vorsitzende:<br>stellv. Vorsitzender:<br>Kassenwartin:<br>1. Schriftf\u00fchrer:<br>2. Schriftf\u00fchrerin:<br>Notenwartin:<br>Pressewartin:<br>1. Beisitzerin:<br>2. Beisitzerin:<\/p>\n\n\n\n<p><\/p>\n<\/div>\n\n\n\n<div class=\"wp-block-column is-layout-flow wp-block-column-is-layout-flow\">\n<p>Irmgard Hoffmann<br>Martin Kockentiedt<br>Anette Holtz<br>Dr. Doris Wegner<br>Pia Schmitz-Zeitzem<br>Birgid Voigt-Zakowski<br>Anne Spreer<br>Gabi Strohbach<br>Gaby Schiefen<br><\/p>\n<\/div>\n\n\n\n<div class=\"wp-block-column is-layout-flow wp-block-column-is-layout-flow\"><\/div>\n<\/div>\n","protected":false},"excerpt":{"rendered":"<p>Der Chorgesang hat in Bonn-Holtorf eine lange Tradition: Im Jahr 1880 wurde hier der M\u00e4nnergesangverein &#8222;St. Antonius&#8220; (nach dem Schutzpatron des Ortes) gegr\u00fcndet und sorgte&hellip;<\/p>\n","protected":false},"author":1,"featured_media":0,"parent":0,"menu_order":0,"comment_status":"closed","ping_status":"closed","template":"","meta":{"ngg_post_thumbnail":0,"_mc_calendar":[],"footnotes":""},"class_list":["post-11","page","type-page","status-publish","hentry"],"_links":{"self":[{"href":"http:\/\/chorgemeinschaft-holtorf.seitenweberei.de\/index.php?rest_route=\/wp\/v2\/pages\/11","targetHints":{"allow":["GET"]}}],"collection":[{"href":"http:\/\/chorgemeinschaft-holtorf.seitenweberei.de\/index.php?rest_route=\/wp\/v2\/pages"}],"about":[{"href":"http:\/\/chorgemeinschaft-holtorf.seitenweberei.de\/index.php?rest_route=\/wp\/v2\/types\/page"}],"author":[{"embeddable":true,"href":"http:\/\/chorgemeinschaft-holtorf.seitenweberei.de\/index.php?rest_route=\/wp\/v2\/users\/1"}],"replies":[{"embeddable":true,"href":"http:\/\/chorgemeinschaft-holtorf.seitenweberei.de\/index.php?rest_route=%2Fwp%2Fv2%2Fcomments&post=11"}],"version-history":[{"count":9,"href":"http:\/\/chorgemeinschaft-holtorf.seitenweberei.de\/index.php?rest_route=\/wp\/v2\/pages\/11\/revisions"}],"predecessor-version":[{"id":294,"href":"http:\/\/chorgemeinschaft-holtorf.seitenweberei.de\/index.php?rest_route=\/wp\/v2\/pages\/11\/revisions\/294"}],"wp:attachment":[{"href":"http:\/\/chorgemeinschaft-holtorf.seitenweberei.de\/index.php?rest_route=%2Fwp%2Fv2%2Fmedia&parent=11"}],"curies":[{"name":"wp","href":"https:\/\/api.w.org\/{rel}","templated":true}]}}