{"id":17,"date":"2019-10-17T20:44:09","date_gmt":"2019-10-17T20:44:09","guid":{"rendered":"http:\/\/chorgemeinschaft-holtorf.seitenweberei.de\/?page_id=17"},"modified":"2021-09-02T08:09:31","modified_gmt":"2021-09-02T08:09:31","slug":"kontakt","status":"publish","type":"page","link":"http:\/\/chorgemeinschaft-holtorf.seitenweberei.de\/?page_id=17","title":{"rendered":"Kontakt"},"content":{"rendered":"\n<div class=\"wp-block-image\"><figure class=\"alignright size-full is-resized\"><img loading=\"lazy\" decoding=\"async\" src=\"http:\/\/chorgemeinschaft-holtorf.seitenweberei.de\/wp-content\/uploads\/2021\/09\/cgh_blumen.jpg\" alt=\"\" class=\"wp-image-177\" width=\"286\" height=\"184\" srcset=\"http:\/\/chorgemeinschaft-holtorf.seitenweberei.de\/wp-content\/uploads\/2021\/09\/cgh_blumen.jpg 600w, http:\/\/chorgemeinschaft-holtorf.seitenweberei.de\/wp-content\/uploads\/2021\/09\/cgh_blumen-300x193.jpg 300w\" sizes=\"auto, (max-width: 286px) 100vw, 286px\" \/><\/figure><\/div>\n\n\n\n<p>Wir existieren nicht nur virtuell!<\/p>\n\n\n\n<p>F\u00fcr R\u00fcckfragen, Anregungen oder Anmeldungen erreichen<br>Sie uns unter der angegebenen Rufnummer oder<br>\u00fcber unser Kontaktformular.<\/p>\n\n\n\n<p>\u00dcber&nbsp;Ihr Interesse w\u00fcrden wir uns freuen!<\/p>\n\n\n\n<p class=\"has-vivid-purple-color has-text-color\"><strong>Irmgard Hoffmann: 0228 &#8211; 48 31 65<\/strong><\/p>\n\n\n<div class=\"frm_forms  with_frm_style frm_style_formidable-style\" id=\"frm_form_1_container\" >\n<form enctype=\"multipart\/form-data\" method=\"post\" class=\"frm-show-form \" id=\"form_contact-form\" >\n<div class=\"frm_form_fields \">\n<fieldset>\n<legend class=\"frm_screen_reader\">Contact Us<\/legend>\n\n<div class=\"frm_fields_container\">\n<input type=\"hidden\" name=\"frm_action\" value=\"create\" \/>\n<input type=\"hidden\" name=\"form_id\" value=\"1\" \/>\n<input type=\"hidden\" name=\"frm_hide_fields_1\" id=\"frm_hide_fields_1\" value=\"\" \/>\n<input type=\"hidden\" name=\"form_key\" value=\"contact-form\" \/>\n<input type=\"hidden\" name=\"item_meta[0]\" value=\"\" \/>\n<input type=\"hidden\" id=\"frm_submit_entry_1\" name=\"frm_submit_entry_1\" value=\"4a669280c1\" \/><input type=\"hidden\" name=\"_wp_http_referer\" value=\"\/index.php?rest_route=%2Fwp%2Fv2%2Fpages%2F17\" \/><div id=\"frm_field_1_container\" class=\"frm_form_field form-field  frm_required_field frm_top_container frm_first frm_half\">\n    <label for=\"field_qh4icy\" id=\"field_qh4icy_label\" class=\"frm_primary_label\">Name\n        <span class=\"frm_required\">*<\/span>\n    <\/label>\n    <input type=\"text\" id=\"field_qh4icy\" name=\"item_meta[1]\" value=\"\"  data-reqmsg=\"Dieses Feld darf nicht leer sein.\" aria-required=\"true\" data-invmsg=\"Name ist ung\u00fcltig\" aria-invalid=\"false\"  \/>\n    \n    \n<\/div>\n<div id=\"frm_field_3_container\" class=\"frm_form_field form-field  frm_required_field frm_top_container frm_full\">\n    <label for=\"field_29yf4d\" id=\"field_29yf4d_label\" class=\"frm_primary_label\">Email\n        <span class=\"frm_required\">*<\/span>\n    <\/label>\n    <input type=\"email\" id=\"field_29yf4d\" name=\"item_meta[3]\" value=\"\"  data-reqmsg=\"Email kann nicht leer sein.\" aria-required=\"true\" data-invmsg=\"Please enter a valid email address\" aria-invalid=\"false\"  \/>\n    \n    \n<\/div>\n<div id=\"frm_field_4_container\" class=\"frm_form_field form-field  frm_required_field frm_top_container frm_full\">\n    <label for=\"field_e6lis6\" id=\"field_e6lis6_label\" class=\"frm_primary_label\">Betreff\n        <span class=\"frm_required\">*<\/span>\n    <\/label>\n    <input type=\"text\" id=\"field_e6lis6\" name=\"item_meta[4]\" value=\"\"  data-reqmsg=\"Dieses Feld darf nicht leer sein.\" aria-required=\"true\" data-invmsg=\"Subject ist ung\u00fcltig\" aria-invalid=\"false\"  \/>\n    \n    \n<\/div>\n<div id=\"frm_field_5_container\" class=\"frm_form_field form-field  frm_required_field frm_top_container frm_full\">\n    <label for=\"field_9jv0r1\" id=\"field_9jv0r1_label\" class=\"frm_primary_label\">Ihre Nachricht\n        <span class=\"frm_required\">*<\/span>\n    <\/label>\n    <textarea name=\"item_meta[5]\" id=\"field_9jv0r1\" rows=\"5\"  data-reqmsg=\"Dieses Feld darf nicht leer sein.\" aria-required=\"true\" data-invmsg=\"Ihre Nachricht ist ung\u00fcltig\" aria-invalid=\"false\"  ><\/textarea>\n    \n    \n<\/div>\n\t<input type=\"hidden\" name=\"item_key\" value=\"\" \/>\n\t\t\t<div id=\"frm_field_6_container\">\n\t\t\t<label for=\"field_qpsxi\" >\n\t\t\t\tFalls Du menschlich bist, lasse dieses Feld leer.\t\t\t<\/label>\n\t\t\t<input  id=\"field_qpsxi\" type=\"text\" class=\"frm_form_field form-field frm_verify\" name=\"item_meta[6]\" value=\"\"  \/>\n\t\t<\/div>\n\t\t<input name=\"frm_state\" type=\"hidden\" value=\"sdYfU4mCQaQDnr63wWLTVuihLj\/oEN7WDFMlPo87i3Q=\" \/><div class=\"frm_submit\">\n\n<button class=\"frm_button_submit\" type=\"submit\"  >Senden<\/button>\n\n<\/div><\/div>\n<\/fieldset>\n<\/div>\n\n<\/form>\n<\/div>\n","protected":false},"excerpt":{"rendered":"<p>Wir existieren nicht nur virtuell! F\u00fcr R\u00fcckfragen, Anregungen oder Anmeldungen erreichenSie uns unter der angegebenen Rufnummer oder\u00fcber unser Kontaktformular. \u00dcber&nbsp;Ihr Interesse w\u00fcrden wir uns freuen!&hellip;<\/p>\n","protected":false},"author":1,"featured_media":0,"parent":0,"menu_order":0,"comment_status":"closed","ping_status":"closed","template":"","meta":{"ngg_post_thumbnail":0,"_mc_calendar":[],"footnotes":""},"class_list":["post-17","page","type-page","status-publish","hentry"],"_links":{"self":[{"href":"http:\/\/chorgemeinschaft-holtorf.seitenweberei.de\/index.php?rest_route=\/wp\/v2\/pages\/17","targetHints":{"allow":["GET"]}}],"collection":[{"href":"http:\/\/chorgemeinschaft-holtorf.seitenweberei.de\/index.php?rest_route=\/wp\/v2\/pages"}],"about":[{"href":"http:\/\/chorgemeinschaft-holtorf.seitenweberei.de\/index.php?rest_route=\/wp\/v2\/types\/page"}],"author":[{"embeddable":true,"href":"http:\/\/chorgemeinschaft-holtorf.seitenweberei.de\/index.php?rest_route=\/wp\/v2\/users\/1"}],"replies":[{"embeddable":true,"href":"http:\/\/chorgemeinschaft-holtorf.seitenweberei.de\/index.php?rest_route=%2Fwp%2Fv2%2Fcomments&post=17"}],"version-history":[{"count":10,"href":"http:\/\/chorgemeinschaft-holtorf.seitenweberei.de\/index.php?rest_route=\/wp\/v2\/pages\/17\/revisions"}],"predecessor-version":[{"id":178,"href":"http:\/\/chorgemeinschaft-holtorf.seitenweberei.de\/index.php?rest_route=\/wp\/v2\/pages\/17\/revisions\/178"}],"wp:attachment":[{"href":"http:\/\/chorgemeinschaft-holtorf.seitenweberei.de\/index.php?rest_route=%2Fwp%2Fv2%2Fmedia&parent=17"}],"curies":[{"name":"wp","href":"https:\/\/api.w.org\/{rel}","templated":true}]}}