{"id":19,"date":"2019-10-17T20:46:29","date_gmt":"2019-10-17T20:46:29","guid":{"rendered":"http:\/\/chorgemeinschaft-holtorf.seitenweberei.de\/?page_id=19"},"modified":"2021-09-02T08:14:49","modified_gmt":"2021-09-02T08:14:49","slug":"links","status":"publish","type":"page","link":"http:\/\/chorgemeinschaft-holtorf.seitenweberei.de\/?page_id=19","title":{"rendered":"Links"},"content":{"rendered":"\n<p><span style=\"font-family: Verdana, Sans-Serif; font-size: small;\">Nutzen Sie das ganze World Wide Web! <\/span><\/p>\n\n\n\n<p><span style=\"font-family: Verdana, Sans-Serif; font-size: small;\">Wir haben auf dieser Seite informative Links f\u00fcr alle Interessierten zusammengestellt. So k\u00f6nnen Sie ganz entspannt surfen und sich zum Thema Ihrer Wahl noch umfassender informieren. Diese Links aktualisieren wir st\u00e4ndig, sodass Sie hier immer wieder den einen oder anderen zus\u00e4tzlichen Verweis finden. Schauen Sie also einfach \u00f6fter mal vorbei &#8211; es lohnt sich!<\/span><\/p>\n\n\n\n<p><a href=\"http:\/\/www.saengerbund-nrw.de\/\"><span style=\"font-family: Verdana, Sans-Serif; font-size: medium;\">ChorVerband NRW.eV.<\/span><\/a><\/p>\n\n\n\n<p><a href=\"http:\/\/saengerkreis-bonn.de\"><span style=\"font-family: Verdana, Sans-Serif; font-size: medium;\">Chorverband Bonn-Rhein-Sieg e.V.<\/span><\/a><\/p>\n\n\n\n<p><a href=\"http:\/\/www.kathkirche-am-ennert.de\" data-type=\"URL\" data-id=\"www.kathkirche-am-ennert.de\">www.kathkirche-am-ennert.de<\/a><\/p>\n\n\n\n<p><a href=\"http:\/\/www.choere.de\" data-type=\"URL\" data-id=\"www.choere.de\">www.choere.de<\/a><\/p>\n\n\n\n<p><a href=\"http:\/\/www.holtorf-ungarten.de\" data-type=\"URL\" data-id=\"www.holtorf-ungarten.de\">www.holtorf-ungarten.de<\/a><span style=\"font-family: Verdana, Sans-Serif;\"><br><\/span><\/p>\n\n\n\n<p><span style=\"font-family: Verdana, Sans-Serif; font-size: xx-small;\">Wir haben auf unserer Homepage Links zu anderen Seiten gesetzt. F\u00fcr all diese Links gilt: &#8222;Wir m\u00f6chten ausdr\u00fccklich betonen, dass wir keinerlei Einfluss auf die Gestaltung und die Inhalte der hier verlinkten Seiten haben. Deshalb distanzieren wir uns hiermit ausdr\u00fccklich von allen Inhalten aller verlinkten Seiten, auf die von unserer Homepage aus verwiesen wird. Diese Erkl\u00e4rung gilt f\u00fcr alle auf unserer Homepage ausgebrachten Links und f\u00fcr alle Inhalte der Seiten, zu denen Links oder Banner f\u00fchren.&#8220;<\/span><\/p>\n","protected":false},"excerpt":{"rendered":"<p>Nutzen Sie das ganze World Wide Web! Wir haben auf dieser Seite informative Links f\u00fcr alle Interessierten zusammengestellt. So k\u00f6nnen Sie ganz entspannt surfen und&hellip;<\/p>\n","protected":false},"author":1,"featured_media":0,"parent":0,"menu_order":0,"comment_status":"closed","ping_status":"closed","template":"","meta":{"ngg_post_thumbnail":0,"_mc_calendar":[],"footnotes":""},"class_list":["post-19","page","type-page","status-publish","hentry"],"_links":{"self":[{"href":"http:\/\/chorgemeinschaft-holtorf.seitenweberei.de\/index.php?rest_route=\/wp\/v2\/pages\/19","targetHints":{"allow":["GET"]}}],"collection":[{"href":"http:\/\/chorgemeinschaft-holtorf.seitenweberei.de\/index.php?rest_route=\/wp\/v2\/pages"}],"about":[{"href":"http:\/\/chorgemeinschaft-holtorf.seitenweberei.de\/index.php?rest_route=\/wp\/v2\/types\/page"}],"author":[{"embeddable":true,"href":"http:\/\/chorgemeinschaft-holtorf.seitenweberei.de\/index.php?rest_route=\/wp\/v2\/users\/1"}],"replies":[{"embeddable":true,"href":"http:\/\/chorgemeinschaft-holtorf.seitenweberei.de\/index.php?rest_route=%2Fwp%2Fv2%2Fcomments&post=19"}],"version-history":[{"count":2,"href":"http:\/\/chorgemeinschaft-holtorf.seitenweberei.de\/index.php?rest_route=\/wp\/v2\/pages\/19\/revisions"}],"predecessor-version":[{"id":182,"href":"http:\/\/chorgemeinschaft-holtorf.seitenweberei.de\/index.php?rest_route=\/wp\/v2\/pages\/19\/revisions\/182"}],"wp:attachment":[{"href":"http:\/\/chorgemeinschaft-holtorf.seitenweberei.de\/index.php?rest_route=%2Fwp%2Fv2%2Fmedia&parent=19"}],"curies":[{"name":"wp","href":"https:\/\/api.w.org\/{rel}","templated":true}]}}