{"id":15,"date":"2019-10-17T20:43:29","date_gmt":"2019-10-17T20:43:29","guid":{"rendered":"http:\/\/chorgemeinschaft-holtorf.seitenweberei.de\/?page_id=15"},"modified":"2025-01-13T21:48:04","modified_gmt":"2025-01-13T21:48:04","slug":"chorprojekt","status":"publish","type":"page","link":"https:\/\/chorgemeinschaft-holtorf.seitenweberei.de\/?page_id=15","title":{"rendered":"Chorprojekt"},"content":{"rendered":"\n<p class=\"has-text-align-center\"><\/p>\n\n\n\n<p class=\"has-text-align-left\">Neue S\u00e4ngerinnen und S\u00e4nger sind jederzeit herzlich willkommen!<\/p>\n\n\n\n<p><span style=\"color: #000000; font-family: Verdana, Sans-Serif; font-size: small;\">Wir proben w\u00f6chentlich <b>montags<\/b> von <b>19.45&nbsp;<\/b><\/span><span style=\"color: #000000; font-family: Verdana, Sans-Serif; font-size: small;\">bis <b>21.45 <\/b><\/span><span style=\"color: #000000; font-family: Verdana, Sans-Serif; font-size: small;\"><b>Uhr<\/b> <\/span><span style=\"color: #000000; font-family: Verdana, Sans-Serif; font-size: small;\">im Pfarrheim St.Antonius<\/span><\/p>\n\n\n\n<p><span style=\"color: #000000; font-family: Verdana, Sans-Serif; font-size: small;\">Burghofstr.2<br>53229 Bonn (Holtorf)<\/span><\/p>\n\n\n\n<p>&nbsp;<\/p>\n\n\n\n<p class=\"has-text-align-left\"><span style=\"color: #000000; font-family: Verdana, Sans-Serif; font-size: xx-small;\"><span style=\"font-size: small;\">Sie erreichen uns mit den Buslinien 537 \/ 636 Haltestelle: Niederholtorf Kirche<\/span><\/span><\/p>\n\n\n\n<p>&nbsp;<\/p>\n\n\n\n<h2 class=\"wp-block-heading\">\u266b \u266b \u266b \u266b<\/h2>\n","protected":false},"excerpt":{"rendered":"<p>Neue S\u00e4ngerinnen und S\u00e4nger sind jederzeit herzlich willkommen! Wir proben w\u00f6chentlich montags von 19.45&nbsp;bis 21.45 Uhr im Pfarrheim St.Antonius Burghofstr.253229 Bonn (Holtorf) &nbsp; Sie erreichen&hellip;<\/p>\n","protected":false},"author":1,"featured_media":0,"parent":0,"menu_order":0,"comment_status":"closed","ping_status":"closed","template":"","meta":{"ngg_post_thumbnail":0,"_mc_calendar":[],"footnotes":""},"class_list":["post-15","page","type-page","status-publish","hentry"],"_links":{"self":[{"href":"https:\/\/chorgemeinschaft-holtorf.seitenweberei.de\/index.php?rest_route=\/wp\/v2\/pages\/15","targetHints":{"allow":["GET"]}}],"collection":[{"href":"https:\/\/chorgemeinschaft-holtorf.seitenweberei.de\/index.php?rest_route=\/wp\/v2\/pages"}],"about":[{"href":"https:\/\/chorgemeinschaft-holtorf.seitenweberei.de\/index.php?rest_route=\/wp\/v2\/types\/page"}],"author":[{"embeddable":true,"href":"https:\/\/chorgemeinschaft-holtorf.seitenweberei.de\/index.php?rest_route=\/wp\/v2\/users\/1"}],"replies":[{"embeddable":true,"href":"https:\/\/chorgemeinschaft-holtorf.seitenweberei.de\/index.php?rest_route=%2Fwp%2Fv2%2Fcomments&post=15"}],"version-history":[{"count":6,"href":"https:\/\/chorgemeinschaft-holtorf.seitenweberei.de\/index.php?rest_route=\/wp\/v2\/pages\/15\/revisions"}],"predecessor-version":[{"id":291,"href":"https:\/\/chorgemeinschaft-holtorf.seitenweberei.de\/index.php?rest_route=\/wp\/v2\/pages\/15\/revisions\/291"}],"wp:attachment":[{"href":"https:\/\/chorgemeinschaft-holtorf.seitenweberei.de\/index.php?rest_route=%2Fwp%2Fv2%2Fmedia&parent=15"}],"curies":[{"name":"wp","href":"https:\/\/api.w.org\/{rel}","templated":true}]}}